{"id":3338,"date":"2022-04-20T14:19:59","date_gmt":"2022-04-20T14:19:59","guid":{"rendered":"https:\/\/www.fastemergencies.com\/?page_id=3338"},"modified":"2022-04-20T14:30:08","modified_gmt":"2022-04-20T14:30:08","slug":"politica-de-calidad","status":"publish","type":"page","link":"https:\/\/www.fastemergencies.com\/es\/politica-de-calidad\/","title":{"rendered":"Pol\u00edtica de calidad"},"content":{"rendered":"\t\t<div data-elementor-type=\"wp-page\" data-elementor-id=\"3338\" class=\"elementor elementor-3338 elementor-3337\" data-elementor-post-type=\"page\">\n\t\t\t\t\t\t<section class=\"elementor-section elementor-top-section elementor-element elementor-element-91871f0 elementor-section-height-min-height elementor-section-boxed elementor-section-height-default elementor-section-items-middle\" data-id=\"91871f0\" data-element_type=\"section\" data-e-type=\"section\" data-settings=\"{&quot;background_background&quot;:&quot;classic&quot;}\">\n\t\t\t\t\t\t<div class=\"elementor-container elementor-column-gap-default\">\n\t\t\t\t\t<div class=\"elementor-column elementor-col-100 elementor-top-column elementor-element elementor-element-8404a73\" data-id=\"8404a73\" data-element_type=\"column\" data-e-type=\"column\">\n\t\t\t<div class=\"elementor-widget-wrap elementor-element-populated\">\n\t\t\t\t\t\t<div class=\"elementor-element elementor-element-74adf08 elementor-widget elementor-widget-image\" data-id=\"74adf08\" data-element_type=\"widget\" data-e-type=\"widget\" data-widget_type=\"image.default\">\n\t\t\t\t<div class=\"elementor-widget-container\">\n\t\t\t\t\t\t\t\t\t\t\t\t\t\t\t<img decoding=\"async\" width=\"200\" height=\"200\" src=\"https:\/\/www.fastemergencies.com\/wp-content\/uploads\/2021\/11\/icona-fast-emergencies-instalacions-withe-red.svg\" class=\"attachment-large size-large wp-image-1764\" alt=\"\" \/>\t\t\t\t\t\t\t\t\t\t\t\t\t\t\t<\/div>\n\t\t\t\t<\/div>\n\t\t\t\t<div class=\"elementor-element elementor-element-7a715ef elementor-widget elementor-widget-heading\" data-id=\"7a715ef\" data-element_type=\"widget\" data-e-type=\"widget\" data-widget_type=\"heading.default\">\n\t\t\t\t<div class=\"elementor-widget-container\">\n\t\t\t\t\t<h1 class=\"elementor-heading-title elementor-size-default\">POL\u00cdTICA DE CALIDAD<\/h1>\t\t\t\t<\/div>\n\t\t\t\t<\/div>\n\t\t\t\t\t<\/div>\n\t\t<\/div>\n\t\t\t\t\t<\/div>\n\t\t<\/section>\n\t\t\t\t<section class=\"elementor-section elementor-top-section elementor-element elementor-element-c7bcffc elementor-section-boxed elementor-section-height-default elementor-section-height-default\" data-id=\"c7bcffc\" data-element_type=\"section\" data-e-type=\"section\">\n\t\t\t\t\t\t<div class=\"elementor-container elementor-column-gap-default\">\n\t\t\t\t\t<div class=\"elementor-column elementor-col-100 elementor-top-column elementor-element elementor-element-ccdf7ec\" data-id=\"ccdf7ec\" data-element_type=\"column\" data-e-type=\"column\">\n\t\t\t<div class=\"elementor-widget-wrap elementor-element-populated\">\n\t\t\t\t\t\t<div class=\"elementor-element elementor-element-f8d57ba elementor-widget elementor-widget-text-editor\" data-id=\"f8d57ba\" data-element_type=\"widget\" data-e-type=\"widget\" data-widget_type=\"text-editor.default\">\n\t\t\t\t<div class=\"elementor-widget-container\">\n\t\t\t\t\t\t\t\t\t<p><strong>Pol\u00edtica de Calidad<\/strong><\/p><p>FAST INGENIER\u00cdA, tiene como objetivo la prestaci\u00f3n de un buen servicio, que satisfaga las expectativas y requisitos de las partes interesadas, as\u00ed como los legales y reglamentarios y otros que la organizaci\u00f3n disponga.<\/p><p>FAST INGENIER\u00cdA se asienta su Sistema de Gesti\u00f3n de Calidad en los siguientes principios fundamentales:<\/p><p><strong>Orientaci\u00f3n a cliente y participante<\/strong><\/p><p>La experiencia debe ser enriquecedora por eso nos adaptamos a las necesidades de cada cliente y participando con programas a medida y contenidos actuales y aplicables.<\/p><p><strong>Profesionalidad y experiencia<\/strong><\/p><p>Los conocimientos, experiencia y dotes formativas de nuestros profesionales garantizan una experiencia pr\u00e1ctica, amena y de calidad en nuestros cursos y eventos.<\/p><p><strong>Recursos adecuados<\/strong><\/p><p>Una de las prioridades es establecer y mantener correctamente los recursos e infraestructura necesarios para el desarrollo de todas las actividades que se realizan de forma segura.<\/p><p><strong>Orientaci\u00f3n a la mejora continua<\/strong><\/p><p>El esp\u00edritu de perfeccionamiento impregnado en el equipo de profesionales avala la mejora continua de los procesos de FAST INGENIER\u00cdA.<\/p><p>Esta pol\u00edtica de calidad proporciona un marco de referencia para el establecimiento de objetivos de calidad.<\/p>\t\t\t\t\t\t\t\t<\/div>\n\t\t\t\t<\/div>\n\t\t\t\t\t<\/div>\n\t\t<\/div>\n\t\t\t\t\t<\/div>\n\t\t<\/section>\n\t\t\t\t<\/div>\n\t\t","protected":false},"excerpt":{"rendered":"<p>POL\u00cdTICA DE CALIDAD Pol\u00edtica de Calidad FAST INGENIER\u00cdA, tiene como objetivo la prestaci\u00f3n de un buen servicio, que satisfaga las expectativas y requisitos de las partes interesadas, as\u00ed como los legales y reglamentarios y otros que la organizaci\u00f3n disponga. FAST INGENIER\u00cdA se asienta su Sistema de Gesti\u00f3n de Calidad en los siguientes principios fundamentales: Orientaci\u00f3n [&hellip;]<\/p>\n","protected":false},"author":3,"featured_media":0,"parent":0,"menu_order":0,"comment_status":"closed","ping_status":"closed","template":"","meta":{"footnotes":""},"categories":[],"tags":[],"class_list":["post-3338","page","type-page","status-publish","hentry"],"yoast_head":"<!-- This site is optimized with the Yoast SEO plugin v27.2 - https:\/\/yoast.com\/product\/yoast-seo-wordpress\/ -->\n<title>Pol\u00edtica de calidad | Fast Emerg\u00e8ncies<\/title>\n<meta name=\"robots\" content=\"index, follow, max-snippet:-1, max-image-preview:large, max-video-preview:-1\" \/>\n<link rel=\"canonical\" href=\"https:\/\/www.fastemergencies.com\/es\/politica-de-calidad\/\" \/>\n<meta property=\"og:locale\" content=\"es_ES\" \/>\n<meta property=\"og:type\" content=\"article\" \/>\n<meta property=\"og:title\" content=\"Pol\u00edtica de calidad | Fast Emerg\u00e8ncies\" \/>\n<meta property=\"og:description\" content=\"POL\u00cdTICA DE CALIDAD Pol\u00edtica de Calidad FAST INGENIER\u00cdA, tiene como objetivo la prestaci\u00f3n de un buen servicio, que satisfaga las expectativas y requisitos de las partes interesadas, as\u00ed como los legales y reglamentarios y otros que la organizaci\u00f3n disponga. FAST INGENIER\u00cdA se asienta su Sistema de Gesti\u00f3n de Calidad en los siguientes principios fundamentales: Orientaci\u00f3n [&hellip;]\" \/>\n<meta property=\"og:url\" content=\"https:\/\/www.fastemergencies.com\/es\/politica-de-calidad\/\" \/>\n<meta property=\"og:site_name\" content=\"Fast Emerg\u00e8ncies\" \/>\n<meta property=\"article:publisher\" content=\"https:\/\/www.facebook.com\/FASTEmergencies\" \/>\n<meta property=\"article:modified_time\" content=\"2022-04-20T14:30:08+00:00\" \/>\n<meta property=\"og:image\" content=\"https:\/\/www.fastemergencies.com\/wp-content\/uploads\/2021\/11\/icona-fast-emergencies-instalacions-withe-red.svg\" \/>\n<meta name=\"twitter:card\" content=\"summary_large_image\" \/>\n<meta name=\"twitter:label1\" content=\"Tiempo de lectura\" \/>\n\t<meta name=\"twitter:data1\" content=\"2 minutos\" \/>\n<script type=\"application\/ld+json\" class=\"yoast-schema-graph\">{\"@context\":\"https:\/\/schema.org\",\"@graph\":[{\"@type\":\"WebPage\",\"@id\":\"https:\/\/www.fastemergencies.com\/es\/politica-de-calidad\/\",\"url\":\"https:\/\/www.fastemergencies.com\/es\/politica-de-calidad\/\",\"name\":\"Pol\u00edtica de calidad | Fast Emerg\u00e8ncies\",\"isPartOf\":{\"@id\":\"https:\/\/www.fastemergencies.com\/#website\"},\"primaryImageOfPage\":{\"@id\":\"https:\/\/www.fastemergencies.com\/es\/politica-de-calidad\/#primaryimage\"},\"image\":{\"@id\":\"https:\/\/www.fastemergencies.com\/es\/politica-de-calidad\/#primaryimage\"},\"thumbnailUrl\":\"https:\/\/www.fastemergencies.com\/wp-content\/uploads\/2021\/11\/icona-fast-emergencies-instalacions-withe-red.svg\",\"datePublished\":\"2022-04-20T14:19:59+00:00\",\"dateModified\":\"2022-04-20T14:30:08+00:00\",\"breadcrumb\":{\"@id\":\"https:\/\/www.fastemergencies.com\/es\/politica-de-calidad\/#breadcrumb\"},\"inLanguage\":\"es\",\"potentialAction\":[{\"@type\":\"ReadAction\",\"target\":[\"https:\/\/www.fastemergencies.com\/es\/politica-de-calidad\/\"]}]},{\"@type\":\"ImageObject\",\"inLanguage\":\"es\",\"@id\":\"https:\/\/www.fastemergencies.com\/es\/politica-de-calidad\/#primaryimage\",\"url\":\"https:\/\/www.fastemergencies.com\/wp-content\/uploads\/2021\/11\/icona-fast-emergencies-instalacions-withe-red.svg\",\"contentUrl\":\"https:\/\/www.fastemergencies.com\/wp-content\/uploads\/2021\/11\/icona-fast-emergencies-instalacions-withe-red.svg\"},{\"@type\":\"BreadcrumbList\",\"@id\":\"https:\/\/www.fastemergencies.com\/es\/politica-de-calidad\/#breadcrumb\",\"itemListElement\":[{\"@type\":\"ListItem\",\"position\":1,\"name\":\"Home\",\"item\":\"https:\/\/www.fastemergencies.com\/\"},{\"@type\":\"ListItem\",\"position\":2,\"name\":\"Pol\u00edtica de calidad\"}]},{\"@type\":\"WebSite\",\"@id\":\"https:\/\/www.fastemergencies.com\/#website\",\"url\":\"https:\/\/www.fastemergencies.com\/\",\"name\":\"Fast Emerg\u00e8ncies\",\"description\":\"Cursos de formaci\u00f3 en emerg\u00e8ncies\",\"publisher\":{\"@id\":\"https:\/\/www.fastemergencies.com\/#organization\"},\"potentialAction\":[{\"@type\":\"SearchAction\",\"target\":{\"@type\":\"EntryPoint\",\"urlTemplate\":\"https:\/\/www.fastemergencies.com\/?s={search_term_string}\"},\"query-input\":{\"@type\":\"PropertyValueSpecification\",\"valueRequired\":true,\"valueName\":\"search_term_string\"}}],\"inLanguage\":\"es\"},{\"@type\":\"Organization\",\"@id\":\"https:\/\/www.fastemergencies.com\/#organization\",\"name\":\"Fast Emerg\u00e8ncies\",\"url\":\"https:\/\/www.fastemergencies.com\/\",\"logo\":{\"@type\":\"ImageObject\",\"inLanguage\":\"es\",\"@id\":\"https:\/\/www.fastemergencies.com\/#\/schema\/logo\/image\/\",\"url\":\"https:\/\/www.fastemergencies.com\/wp-content\/uploads\/2022\/02\/logo.png\",\"contentUrl\":\"https:\/\/www.fastemergencies.com\/wp-content\/uploads\/2022\/02\/logo.png\",\"width\":496,\"height\":99,\"caption\":\"Fast Emerg\u00e8ncies\"},\"image\":{\"@id\":\"https:\/\/www.fastemergencies.com\/#\/schema\/logo\/image\/\"},\"sameAs\":[\"https:\/\/www.facebook.com\/FASTEmergencies\",\"https:\/\/www.instagram.com\/fastemergencies\/\"]}]}<\/script>\n<!-- \/ Yoast SEO plugin. -->","yoast_head_json":{"title":"Pol\u00edtica de calidad | Fast Emerg\u00e8ncies","robots":{"index":"index","follow":"follow","max-snippet":"max-snippet:-1","max-image-preview":"max-image-preview:large","max-video-preview":"max-video-preview:-1"},"canonical":"https:\/\/www.fastemergencies.com\/es\/politica-de-calidad\/","og_locale":"es_ES","og_type":"article","og_title":"Pol\u00edtica de calidad | Fast Emerg\u00e8ncies","og_description":"POL\u00cdTICA DE CALIDAD Pol\u00edtica de Calidad FAST INGENIER\u00cdA, tiene como objetivo la prestaci\u00f3n de un buen servicio, que satisfaga las expectativas y requisitos de las partes interesadas, as\u00ed como los legales y reglamentarios y otros que la organizaci\u00f3n disponga. FAST INGENIER\u00cdA se asienta su Sistema de Gesti\u00f3n de Calidad en los siguientes principios fundamentales: Orientaci\u00f3n [&hellip;]","og_url":"https:\/\/www.fastemergencies.com\/es\/politica-de-calidad\/","og_site_name":"Fast Emerg\u00e8ncies","article_publisher":"https:\/\/www.facebook.com\/FASTEmergencies","article_modified_time":"2022-04-20T14:30:08+00:00","og_image":[{"url":"https:\/\/www.fastemergencies.com\/wp-content\/uploads\/2021\/11\/icona-fast-emergencies-instalacions-withe-red.svg","type":"","width":"","height":""}],"twitter_card":"summary_large_image","twitter_misc":{"Tiempo de lectura":"2 minutos"},"schema":{"@context":"https:\/\/schema.org","@graph":[{"@type":"WebPage","@id":"https:\/\/www.fastemergencies.com\/es\/politica-de-calidad\/","url":"https:\/\/www.fastemergencies.com\/es\/politica-de-calidad\/","name":"Pol\u00edtica de calidad | Fast Emerg\u00e8ncies","isPartOf":{"@id":"https:\/\/www.fastemergencies.com\/#website"},"primaryImageOfPage":{"@id":"https:\/\/www.fastemergencies.com\/es\/politica-de-calidad\/#primaryimage"},"image":{"@id":"https:\/\/www.fastemergencies.com\/es\/politica-de-calidad\/#primaryimage"},"thumbnailUrl":"https:\/\/www.fastemergencies.com\/wp-content\/uploads\/2021\/11\/icona-fast-emergencies-instalacions-withe-red.svg","datePublished":"2022-04-20T14:19:59+00:00","dateModified":"2022-04-20T14:30:08+00:00","breadcrumb":{"@id":"https:\/\/www.fastemergencies.com\/es\/politica-de-calidad\/#breadcrumb"},"inLanguage":"es","potentialAction":[{"@type":"ReadAction","target":["https:\/\/www.fastemergencies.com\/es\/politica-de-calidad\/"]}]},{"@type":"ImageObject","inLanguage":"es","@id":"https:\/\/www.fastemergencies.com\/es\/politica-de-calidad\/#primaryimage","url":"https:\/\/www.fastemergencies.com\/wp-content\/uploads\/2021\/11\/icona-fast-emergencies-instalacions-withe-red.svg","contentUrl":"https:\/\/www.fastemergencies.com\/wp-content\/uploads\/2021\/11\/icona-fast-emergencies-instalacions-withe-red.svg"},{"@type":"BreadcrumbList","@id":"https:\/\/www.fastemergencies.com\/es\/politica-de-calidad\/#breadcrumb","itemListElement":[{"@type":"ListItem","position":1,"name":"Home","item":"https:\/\/www.fastemergencies.com\/"},{"@type":"ListItem","position":2,"name":"Pol\u00edtica de calidad"}]},{"@type":"WebSite","@id":"https:\/\/www.fastemergencies.com\/#website","url":"https:\/\/www.fastemergencies.com\/","name":"Fast Emerg\u00e8ncies","description":"Cursos de formaci\u00f3 en emerg\u00e8ncies","publisher":{"@id":"https:\/\/www.fastemergencies.com\/#organization"},"potentialAction":[{"@type":"SearchAction","target":{"@type":"EntryPoint","urlTemplate":"https:\/\/www.fastemergencies.com\/?s={search_term_string}"},"query-input":{"@type":"PropertyValueSpecification","valueRequired":true,"valueName":"search_term_string"}}],"inLanguage":"es"},{"@type":"Organization","@id":"https:\/\/www.fastemergencies.com\/#organization","name":"Fast Emerg\u00e8ncies","url":"https:\/\/www.fastemergencies.com\/","logo":{"@type":"ImageObject","inLanguage":"es","@id":"https:\/\/www.fastemergencies.com\/#\/schema\/logo\/image\/","url":"https:\/\/www.fastemergencies.com\/wp-content\/uploads\/2022\/02\/logo.png","contentUrl":"https:\/\/www.fastemergencies.com\/wp-content\/uploads\/2022\/02\/logo.png","width":496,"height":99,"caption":"Fast Emerg\u00e8ncies"},"image":{"@id":"https:\/\/www.fastemergencies.com\/#\/schema\/logo\/image\/"},"sameAs":["https:\/\/www.facebook.com\/FASTEmergencies","https:\/\/www.instagram.com\/fastemergencies\/"]}]}},"_links":{"self":[{"href":"https:\/\/www.fastemergencies.com\/es\/wp-json\/wp\/v2\/pages\/3338","targetHints":{"allow":["GET"]}}],"collection":[{"href":"https:\/\/www.fastemergencies.com\/es\/wp-json\/wp\/v2\/pages"}],"about":[{"href":"https:\/\/www.fastemergencies.com\/es\/wp-json\/wp\/v2\/types\/page"}],"author":[{"embeddable":true,"href":"https:\/\/www.fastemergencies.com\/es\/wp-json\/wp\/v2\/users\/3"}],"replies":[{"embeddable":true,"href":"https:\/\/www.fastemergencies.com\/es\/wp-json\/wp\/v2\/comments?post=3338"}],"version-history":[{"count":0,"href":"https:\/\/www.fastemergencies.com\/es\/wp-json\/wp\/v2\/pages\/3338\/revisions"}],"wp:attachment":[{"href":"https:\/\/www.fastemergencies.com\/es\/wp-json\/wp\/v2\/media?parent=3338"}],"wp:term":[{"taxonomy":"category","embeddable":true,"href":"https:\/\/www.fastemergencies.com\/es\/wp-json\/wp\/v2\/categories?post=3338"},{"taxonomy":"post_tag","embeddable":true,"href":"https:\/\/www.fastemergencies.com\/es\/wp-json\/wp\/v2\/tags?post=3338"}],"curies":[{"name":"wp","href":"https:\/\/api.w.org\/{rel}","templated":true}]}}