{"id":3438,"date":"2022-12-15T09:25:05","date_gmt":"2022-12-15T08:25:05","guid":{"rendered":"https:\/\/www.fastemergencies.com\/thank-you-extincion-incendios\/"},"modified":"2026-01-21T12:02:43","modified_gmt":"2026-01-21T11:02:43","slug":"thank-you-extincion-incendios","status":"publish","type":"page","link":"https:\/\/www.fastemergencies.com\/es\/thank-you-extincion-incendios\/","title":{"rendered":"Thank you &#8211; Extinci\u00f3n Incendios"},"content":{"rendered":"\t\t<div data-elementor-type=\"wp-page\" data-elementor-id=\"3438\" class=\"elementor elementor-3438 elementor-3398\" data-elementor-post-type=\"page\">\n\t\t\t\t\t\t<section class=\"elementor-section elementor-top-section elementor-element elementor-element-9d0a194 elementor-section-height-min-height elementor-section-boxed elementor-section-height-default elementor-section-items-middle\" data-id=\"9d0a194\" data-element_type=\"section\" data-e-type=\"section\" data-settings=\"{&quot;background_background&quot;:&quot;classic&quot;}\">\n\t\t\t\t\t\t<div class=\"elementor-container elementor-column-gap-default\">\n\t\t\t\t\t<div class=\"elementor-column elementor-col-100 elementor-top-column elementor-element elementor-element-d4f62f8\" data-id=\"d4f62f8\" data-element_type=\"column\" data-e-type=\"column\">\n\t\t\t<div class=\"elementor-widget-wrap elementor-element-populated\">\n\t\t\t\t\t\t<div class=\"elementor-element elementor-element-c302fc1 elementor-view-default elementor-widget elementor-widget-icon\" data-id=\"c302fc1\" data-element_type=\"widget\" data-e-type=\"widget\" data-widget_type=\"icon.default\">\n\t\t\t\t<div class=\"elementor-widget-container\">\n\t\t\t\t\t\t\t<div class=\"elementor-icon-wrapper\">\n\t\t\t<div class=\"elementor-icon\">\n\t\t\t<i aria-hidden=\"true\" class=\"far fa-smile\"><\/i>\t\t\t<\/div>\n\t\t<\/div>\n\t\t\t\t\t\t<\/div>\n\t\t\t\t<\/div>\n\t\t\t\t<div class=\"elementor-element elementor-element-806fce9 elementor-widget elementor-widget-heading\" data-id=\"806fce9\" data-element_type=\"widget\" data-e-type=\"widget\" data-widget_type=\"heading.default\">\n\t\t\t\t<div class=\"elementor-widget-container\">\n\t\t\t\t\t<h1 class=\"elementor-heading-title elementor-size-default\">Gracias por interesarte por uno de nuestros cursos de formaci\u00f3n en extinci\u00f3n de incendios.<\/h1>\t\t\t\t<\/div>\n\t\t\t\t<\/div>\n\t\t\t\t<div class=\"elementor-element elementor-element-15f7510 elementor-widget elementor-widget-heading\" data-id=\"15f7510\" data-element_type=\"widget\" data-e-type=\"widget\" data-widget_type=\"heading.default\">\n\t\t\t\t<div class=\"elementor-widget-container\">\n\t\t\t\t\t<h2 class=\"elementor-heading-title elementor-size-default\">Nos pondremos en contacto contigo en breve en el  correo <span id=\"mail-usuario\"><\/span><\/h2>\t\t\t\t<\/div>\n\t\t\t\t<\/div>\n\t\t\t\t<div class=\"elementor-element elementor-element-253057d elementor-widget elementor-widget-image\" data-id=\"253057d\" data-element_type=\"widget\" data-e-type=\"widget\" data-widget_type=\"image.default\">\n\t\t\t\t<div class=\"elementor-widget-container\">\n\t\t\t\t\t\t\t\t\t\t\t\t\t\t\t\t<a href=\"https:\/\/www.fastemergencies.com\/contacte\/\">\n\t\t\t\t\t\t\t<img fetchpriority=\"high\" decoding=\"async\" width=\"592\" height=\"355\" src=\"https:\/\/www.fastemergencies.com\/wp-content\/uploads\/2021\/11\/logo-fast-emergencies-trans-011.png\" class=\"attachment-large size-large wp-image-1730\" alt=\"logo fast emerg\u00e8ncies\" srcset=\"https:\/\/www.fastemergencies.com\/wp-content\/uploads\/2021\/11\/logo-fast-emergencies-trans-011.png 592w, https:\/\/www.fastemergencies.com\/wp-content\/uploads\/2021\/11\/logo-fast-emergencies-trans-011-300x180.png 300w\" sizes=\"(max-width: 592px) 100vw, 592px\" \/>\t\t\t\t\t\t\t\t<\/a>\n\t\t\t\t\t\t\t\t\t\t\t\t\t\t\t<\/div>\n\t\t\t\t<\/div>\n\t\t\t\t<div class=\"elementor-element elementor-element-efc6c40 elementor-widget elementor-widget-heading\" data-id=\"efc6c40\" data-element_type=\"widget\" data-e-type=\"widget\" data-widget_type=\"heading.default\">\n\t\t\t\t<div class=\"elementor-widget-container\">\n\t\t\t\t\t<span class=\"elementor-heading-title elementor-size-default\">EQUIPO DE FAST EMERGENCIAS<\/span>\t\t\t\t<\/div>\n\t\t\t\t<\/div>\n\t\t\t\t\t<\/div>\n\t\t<\/div>\n\t\t\t\t\t<\/div>\n\t\t<\/section>\n\t\t\t\t<\/div>\n\t\t","protected":false},"excerpt":{"rendered":"<p>Gracias por interesarte por uno de nuestros cursos de formaci\u00f3n en extinci\u00f3n de incendios. Nos pondremos en contacto contigo en breve en el correo EQUIPO DE FAST EMERGENCIAS<\/p>\n","protected":false},"author":3,"featured_media":0,"parent":0,"menu_order":0,"comment_status":"closed","ping_status":"closed","template":"","meta":{"footnotes":""},"categories":[],"tags":[],"class_list":["post-3438","page","type-page","status-publish","hentry"],"yoast_head":"<!-- This site is optimized with the Yoast SEO plugin v27.2 - https:\/\/yoast.com\/product\/yoast-seo-wordpress\/ -->\n<title>Thank you - Extinci\u00f3n Incendios | Fast Emerg\u00e8ncies<\/title>\n<meta name=\"robots\" content=\"index, follow, max-snippet:-1, max-image-preview:large, max-video-preview:-1\" \/>\n<link rel=\"canonical\" href=\"https:\/\/www.fastemergencies.com\/thank-you-extincio-incendis\/\" \/>\n<meta property=\"og:locale\" content=\"es_ES\" \/>\n<meta property=\"og:type\" content=\"article\" \/>\n<meta property=\"og:title\" content=\"Thank you - Extinci\u00f3n Incendios | Fast Emerg\u00e8ncies\" \/>\n<meta property=\"og:description\" content=\"Gracias por interesarte por uno de nuestros cursos de formaci\u00f3n en extinci\u00f3n de incendios. Nos pondremos en contacto contigo en breve en el correo EQUIPO DE FAST EMERGENCIAS\" \/>\n<meta property=\"og:url\" content=\"https:\/\/www.fastemergencies.com\/thank-you-extincio-incendis\/\" \/>\n<meta property=\"og:site_name\" content=\"Fast Emerg\u00e8ncies\" \/>\n<meta property=\"article:publisher\" content=\"https:\/\/www.facebook.com\/FASTEmergencies\" \/>\n<meta property=\"article:modified_time\" content=\"2026-01-21T11:02:43+00:00\" \/>\n<meta property=\"og:image\" content=\"https:\/\/www.fastemergencies.com\/wp-content\/uploads\/2021\/11\/logo-fast-emergencies-trans-011.png\" \/>\n\t<meta property=\"og:image:width\" content=\"592\" \/>\n\t<meta property=\"og:image:height\" content=\"355\" \/>\n\t<meta property=\"og:image:type\" content=\"image\/png\" \/>\n<meta name=\"twitter:card\" content=\"summary_large_image\" \/>\n<script type=\"application\/ld+json\" class=\"yoast-schema-graph\">{\"@context\":\"https:\/\/schema.org\",\"@graph\":[{\"@type\":\"WebPage\",\"@id\":\"https:\/\/www.fastemergencies.com\/thank-you-extincio-incendis\/\",\"url\":\"https:\/\/www.fastemergencies.com\/thank-you-extincio-incendis\/\",\"name\":\"Thank you - Extinci\u00f3n Incendios | Fast Emerg\u00e8ncies\",\"isPartOf\":{\"@id\":\"https:\/\/www.fastemergencies.com\/#website\"},\"primaryImageOfPage\":{\"@id\":\"https:\/\/www.fastemergencies.com\/thank-you-extincio-incendis\/#primaryimage\"},\"image\":{\"@id\":\"https:\/\/www.fastemergencies.com\/thank-you-extincio-incendis\/#primaryimage\"},\"thumbnailUrl\":\"https:\/\/www.fastemergencies.com\/wp-content\/uploads\/2021\/11\/logo-fast-emergencies-trans-011.png\",\"datePublished\":\"2022-12-15T08:25:05+00:00\",\"dateModified\":\"2026-01-21T11:02:43+00:00\",\"breadcrumb\":{\"@id\":\"https:\/\/www.fastemergencies.com\/thank-you-extincio-incendis\/#breadcrumb\"},\"inLanguage\":\"es\",\"potentialAction\":[{\"@type\":\"ReadAction\",\"target\":[\"https:\/\/www.fastemergencies.com\/thank-you-extincio-incendis\/\"]}]},{\"@type\":\"ImageObject\",\"inLanguage\":\"es\",\"@id\":\"https:\/\/www.fastemergencies.com\/thank-you-extincio-incendis\/#primaryimage\",\"url\":\"https:\/\/www.fastemergencies.com\/wp-content\/uploads\/2021\/11\/logo-fast-emergencies-trans-011.png\",\"contentUrl\":\"https:\/\/www.fastemergencies.com\/wp-content\/uploads\/2021\/11\/logo-fast-emergencies-trans-011.png\"},{\"@type\":\"BreadcrumbList\",\"@id\":\"https:\/\/www.fastemergencies.com\/thank-you-extincio-incendis\/#breadcrumb\",\"itemListElement\":[{\"@type\":\"ListItem\",\"position\":1,\"name\":\"Home\",\"item\":\"https:\/\/www.fastemergencies.com\/\"},{\"@type\":\"ListItem\",\"position\":2,\"name\":\"Thank you &#8211; Extinci\u00f3n Incendios\"}]},{\"@type\":\"WebSite\",\"@id\":\"https:\/\/www.fastemergencies.com\/#website\",\"url\":\"https:\/\/www.fastemergencies.com\/\",\"name\":\"Fast Emerg\u00e8ncies\",\"description\":\"Cursos de formaci\u00f3 en emerg\u00e8ncies\",\"publisher\":{\"@id\":\"https:\/\/www.fastemergencies.com\/#organization\"},\"potentialAction\":[{\"@type\":\"SearchAction\",\"target\":{\"@type\":\"EntryPoint\",\"urlTemplate\":\"https:\/\/www.fastemergencies.com\/?s={search_term_string}\"},\"query-input\":{\"@type\":\"PropertyValueSpecification\",\"valueRequired\":true,\"valueName\":\"search_term_string\"}}],\"inLanguage\":\"es\"},{\"@type\":\"Organization\",\"@id\":\"https:\/\/www.fastemergencies.com\/#organization\",\"name\":\"Fast Emerg\u00e8ncies\",\"url\":\"https:\/\/www.fastemergencies.com\/\",\"logo\":{\"@type\":\"ImageObject\",\"inLanguage\":\"es\",\"@id\":\"https:\/\/www.fastemergencies.com\/#\/schema\/logo\/image\/\",\"url\":\"https:\/\/www.fastemergencies.com\/wp-content\/uploads\/2022\/02\/logo.png\",\"contentUrl\":\"https:\/\/www.fastemergencies.com\/wp-content\/uploads\/2022\/02\/logo.png\",\"width\":496,\"height\":99,\"caption\":\"Fast Emerg\u00e8ncies\"},\"image\":{\"@id\":\"https:\/\/www.fastemergencies.com\/#\/schema\/logo\/image\/\"},\"sameAs\":[\"https:\/\/www.facebook.com\/FASTEmergencies\",\"https:\/\/www.instagram.com\/fastemergencies\/\"]}]}<\/script>\n<!-- \/ Yoast SEO plugin. -->","yoast_head_json":{"title":"Thank you - Extinci\u00f3n Incendios | Fast Emerg\u00e8ncies","robots":{"index":"index","follow":"follow","max-snippet":"max-snippet:-1","max-image-preview":"max-image-preview:large","max-video-preview":"max-video-preview:-1"},"canonical":"https:\/\/www.fastemergencies.com\/thank-you-extincio-incendis\/","og_locale":"es_ES","og_type":"article","og_title":"Thank you - Extinci\u00f3n Incendios | Fast Emerg\u00e8ncies","og_description":"Gracias por interesarte por uno de nuestros cursos de formaci\u00f3n en extinci\u00f3n de incendios. Nos pondremos en contacto contigo en breve en el correo EQUIPO DE FAST EMERGENCIAS","og_url":"https:\/\/www.fastemergencies.com\/thank-you-extincio-incendis\/","og_site_name":"Fast Emerg\u00e8ncies","article_publisher":"https:\/\/www.facebook.com\/FASTEmergencies","article_modified_time":"2026-01-21T11:02:43+00:00","og_image":[{"width":592,"height":355,"url":"https:\/\/www.fastemergencies.com\/wp-content\/uploads\/2021\/11\/logo-fast-emergencies-trans-011.png","type":"image\/png"}],"twitter_card":"summary_large_image","schema":{"@context":"https:\/\/schema.org","@graph":[{"@type":"WebPage","@id":"https:\/\/www.fastemergencies.com\/thank-you-extincio-incendis\/","url":"https:\/\/www.fastemergencies.com\/thank-you-extincio-incendis\/","name":"Thank you - Extinci\u00f3n Incendios | Fast Emerg\u00e8ncies","isPartOf":{"@id":"https:\/\/www.fastemergencies.com\/#website"},"primaryImageOfPage":{"@id":"https:\/\/www.fastemergencies.com\/thank-you-extincio-incendis\/#primaryimage"},"image":{"@id":"https:\/\/www.fastemergencies.com\/thank-you-extincio-incendis\/#primaryimage"},"thumbnailUrl":"https:\/\/www.fastemergencies.com\/wp-content\/uploads\/2021\/11\/logo-fast-emergencies-trans-011.png","datePublished":"2022-12-15T08:25:05+00:00","dateModified":"2026-01-21T11:02:43+00:00","breadcrumb":{"@id":"https:\/\/www.fastemergencies.com\/thank-you-extincio-incendis\/#breadcrumb"},"inLanguage":"es","potentialAction":[{"@type":"ReadAction","target":["https:\/\/www.fastemergencies.com\/thank-you-extincio-incendis\/"]}]},{"@type":"ImageObject","inLanguage":"es","@id":"https:\/\/www.fastemergencies.com\/thank-you-extincio-incendis\/#primaryimage","url":"https:\/\/www.fastemergencies.com\/wp-content\/uploads\/2021\/11\/logo-fast-emergencies-trans-011.png","contentUrl":"https:\/\/www.fastemergencies.com\/wp-content\/uploads\/2021\/11\/logo-fast-emergencies-trans-011.png"},{"@type":"BreadcrumbList","@id":"https:\/\/www.fastemergencies.com\/thank-you-extincio-incendis\/#breadcrumb","itemListElement":[{"@type":"ListItem","position":1,"name":"Home","item":"https:\/\/www.fastemergencies.com\/"},{"@type":"ListItem","position":2,"name":"Thank you &#8211; Extinci\u00f3n Incendios"}]},{"@type":"WebSite","@id":"https:\/\/www.fastemergencies.com\/#website","url":"https:\/\/www.fastemergencies.com\/","name":"Fast Emerg\u00e8ncies","description":"Cursos de formaci\u00f3 en emerg\u00e8ncies","publisher":{"@id":"https:\/\/www.fastemergencies.com\/#organization"},"potentialAction":[{"@type":"SearchAction","target":{"@type":"EntryPoint","urlTemplate":"https:\/\/www.fastemergencies.com\/?s={search_term_string}"},"query-input":{"@type":"PropertyValueSpecification","valueRequired":true,"valueName":"search_term_string"}}],"inLanguage":"es"},{"@type":"Organization","@id":"https:\/\/www.fastemergencies.com\/#organization","name":"Fast Emerg\u00e8ncies","url":"https:\/\/www.fastemergencies.com\/","logo":{"@type":"ImageObject","inLanguage":"es","@id":"https:\/\/www.fastemergencies.com\/#\/schema\/logo\/image\/","url":"https:\/\/www.fastemergencies.com\/wp-content\/uploads\/2022\/02\/logo.png","contentUrl":"https:\/\/www.fastemergencies.com\/wp-content\/uploads\/2022\/02\/logo.png","width":496,"height":99,"caption":"Fast Emerg\u00e8ncies"},"image":{"@id":"https:\/\/www.fastemergencies.com\/#\/schema\/logo\/image\/"},"sameAs":["https:\/\/www.facebook.com\/FASTEmergencies","https:\/\/www.instagram.com\/fastemergencies\/"]}]}},"_links":{"self":[{"href":"https:\/\/www.fastemergencies.com\/es\/wp-json\/wp\/v2\/pages\/3438","targetHints":{"allow":["GET"]}}],"collection":[{"href":"https:\/\/www.fastemergencies.com\/es\/wp-json\/wp\/v2\/pages"}],"about":[{"href":"https:\/\/www.fastemergencies.com\/es\/wp-json\/wp\/v2\/types\/page"}],"author":[{"embeddable":true,"href":"https:\/\/www.fastemergencies.com\/es\/wp-json\/wp\/v2\/users\/3"}],"replies":[{"embeddable":true,"href":"https:\/\/www.fastemergencies.com\/es\/wp-json\/wp\/v2\/comments?post=3438"}],"version-history":[{"count":0,"href":"https:\/\/www.fastemergencies.com\/es\/wp-json\/wp\/v2\/pages\/3438\/revisions"}],"wp:attachment":[{"href":"https:\/\/www.fastemergencies.com\/es\/wp-json\/wp\/v2\/media?parent=3438"}],"wp:term":[{"taxonomy":"category","embeddable":true,"href":"https:\/\/www.fastemergencies.com\/es\/wp-json\/wp\/v2\/categories?post=3438"},{"taxonomy":"post_tag","embeddable":true,"href":"https:\/\/www.fastemergencies.com\/es\/wp-json\/wp\/v2\/tags?post=3438"}],"curies":[{"name":"wp","href":"https:\/\/api.w.org\/{rel}","templated":true}]}}